{"id":176,"date":"2022-05-20T08:05:48","date_gmt":"2022-05-20T08:05:48","guid":{"rendered":"http:\/\/test.spielgruppe-wirbelwind.ch\/?page_id=176"},"modified":"2024-07-03T12:09:23","modified_gmt":"2024-07-03T12:09:23","slug":"einblicke","status":"publish","type":"page","link":"https:\/\/spielgruppe-wirbelwind.ch\/index.php\/einblicke\/","title":{"rendered":"Einblicke"},"content":{"rendered":"\t\t<div data-elementor-type=\"wp-page\" data-elementor-id=\"176\" class=\"elementor elementor-176\">\n\t\t\t\t\t\t<header class=\"elementor-section elementor-top-section elementor-element elementor-element-32877491 elementor-section-height-min-height elementor-section-boxed elementor-section-height-default elementor-section-items-middle wpr-particle-no wpr-jarallax-no wpr-parallax-no wpr-sticky-section-no\" data-id=\"32877491\" data-element_type=\"section\" data-settings=\"{&quot;background_background&quot;:&quot;classic&quot;,&quot;shape_divider_bottom&quot;:&quot;wave-brush&quot;}\">\n\t\t\t\t\t\t\t<div class=\"elementor-background-overlay\"><\/div>\n\t\t\t\t\t\t<div class=\"elementor-shape elementor-shape-bottom\" aria-hidden=\"true\" data-negative=\"false\">\n\t\t\t<svg xmlns=\"http:\/\/www.w3.org\/2000\/svg\" viewBox=\"0 0 283.5 27.8\" preserveAspectRatio=\"none\">\n\t<path class=\"elementor-shape-fill\" d=\"M283.5,9.7c0,0-7.3,4.3-14,4.6c-6.8,0.3-12.6,0-20.9-1.5c-11.3-2-33.1-10.1-44.7-5.7\ts-12.1,4.6-18,7.4c-6.6,3.2-20,9.6-36.6,9.3C131.6,23.5,99.5,7.2,86.3,8c-1.4,0.1-6.6,0.8-10.5,2c-3.8,1.2-9.4,3.8-17,4.7\tc-3.2,0.4-8.3,1.1-14.2,0.9c-1.5-0.1-6.3-0.4-12-1.6c-5.7-1.2-11-3.1-15.8-3.7C6.5,9.2,0,10.8,0,10.8V0h283.5V9.7z M260.8,11.3\tc-0.7-1-2-0.4-4.3-0.4c-2.3,0-6.1-1.2-5.8-1.1c0.3,0.1,3.1,1.5,6,1.9C259.7,12.2,261.4,12.3,260.8,11.3z M242.4,8.6\tc0,0-2.4-0.2-5.6-0.9c-3.2-0.8-10.3-2.8-15.1-3.5c-8.2-1.1-15.8,0-15.1,0.1c0.8,0.1,9.6-0.6,17.6,1.1c3.3,0.7,9.3,2.2,12.4,2.7\tC239.9,8.7,242.4,8.6,242.4,8.6z M185.2,8.5c1.7-0.7-13.3,4.7-18.5,6.1c-2.1,0.6-6.2,1.6-10,2c-3.9,0.4-8.9,0.4-8.8,0.5\tc0,0.2,5.8,0.8,11.2,0c5.4-0.8,5.2-1.1,7.6-1.6C170.5,14.7,183.5,9.2,185.2,8.5z M199.1,6.9c0.2,0-0.8-0.4-4.8,1.1\tc-4,1.5-6.7,3.5-6.9,3.7c-0.2,0.1,3.5-1.8,6.6-3C197,7.5,199,6.9,199.1,6.9z M283,6c-0.1,0.1-1.9,1.1-4.8,2.5s-6.9,2.8-6.7,2.7\tc0.2,0,3.5-0.6,7.4-2.5C282.8,6.8,283.1,5.9,283,6z M31.3,11.6c0.1-0.2-1.9-0.2-4.5-1.2s-5.4-1.6-7.8-2C15,7.6,7.3,8.5,7.7,8.6\tC8,8.7,15.9,8.3,20.2,9.3c2.2,0.5,2.4,0.5,5.7,1.6S31.2,11.9,31.3,11.6z M73,9.2c0.4-0.1,3.5-1.6,8.4-2.6c4.9-1.1,8.9-0.5,8.9-0.8\tc0-0.3-1-0.9-6.2-0.3S72.6,9.3,73,9.2z M71.6,6.7C71.8,6.8,75,5.4,77.3,5c2.3-0.3,1.9-0.5,1.9-0.6c0-0.1-1.1-0.2-2.7,0.2\tC74.8,5.1,71.4,6.6,71.6,6.7z M93.6,4.4c0.1,0.2,3.5,0.8,5.6,1.8c2.1,1,1.8,0.6,1.9,0.5c0.1-0.1-0.8-0.8-2.4-1.3\tC97.1,4.8,93.5,4.2,93.6,4.4z M65.4,11.1c-0.1,0.3,0.3,0.5,1.9-0.2s2.6-1.3,2.2-1.2s-0.9,0.4-2.5,0.8C65.3,10.9,65.5,10.8,65.4,11.1\tz M34.5,12.4c-0.2,0,2.1,0.8,3.3,0.9c1.2,0.1,2,0.1,2-0.2c0-0.3-0.1-0.5-1.6-0.4C36.6,12.8,34.7,12.4,34.5,12.4z M152.2,21.1\tc-0.1,0.1-2.4-0.3-7.5-0.3c-5,0-13.6-2.4-17.2-3.5c-3.6-1.1,10,3.9,16.5,4.1C150.5,21.6,152.3,21,152.2,21.1z\"\/>\n\t<path class=\"elementor-shape-fill\" d=\"M269.6,18c-0.1-0.1-4.6,0.3-7.2,0c-7.3-0.7-17-3.2-16.6-2.9c0.4,0.3,13.7,3.1,17,3.3\tC267.7,18.8,269.7,18,269.6,18z\"\/>\n\t<path class=\"elementor-shape-fill\" d=\"M227.4,9.8c-0.2-0.1-4.5-1-9.5-1.2c-5-0.2-12.7,0.6-12.3,0.5c0.3-0.1,5.9-1.8,13.3-1.2\tS227.6,9.9,227.4,9.8z\"\/>\n\t<path class=\"elementor-shape-fill\" d=\"M204.5,13.4c-0.1-0.1,2-1,3.2-1.1c1.2-0.1,2,0,2,0.3c0,0.3-0.1,0.5-1.6,0.4\tC206.4,12.9,204.6,13.5,204.5,13.4z\"\/>\n\t<path class=\"elementor-shape-fill\" d=\"M201,10.6c0-0.1-4.4,1.2-6.3,2.2c-1.9,0.9-6.2,3.1-6.1,3.1c0.1,0.1,4.2-1.6,6.3-2.6\tS201,10.7,201,10.6z\"\/>\n\t<path class=\"elementor-shape-fill\" d=\"M154.5,26.7c-0.1-0.1-4.6,0.3-7.2,0c-7.3-0.7-17-3.2-16.6-2.9c0.4,0.3,13.7,3.1,17,3.3\tC152.6,27.5,154.6,26.8,154.5,26.7z\"\/>\n\t<path class=\"elementor-shape-fill\" d=\"M41.9,19.3c0,0,1.2-0.3,2.9-0.1c1.7,0.2,5.8,0.9,8.2,0.7c4.2-0.4,7.4-2.7,7-2.6\tc-0.4,0-4.3,2.2-8.6,1.9c-1.8-0.1-5.1-0.5-6.7-0.4S41.9,19.3,41.9,19.3z\"\/>\n\t<path class=\"elementor-shape-fill\" d=\"M75.5,12.6c0.2,0.1,2-0.8,4.3-1.1c2.3-0.2,2.1-0.3,2.1-0.5c0-0.1-1.8-0.4-3.4,0\tC76.9,11.5,75.3,12.5,75.5,12.6z\"\/>\n\t<path class=\"elementor-shape-fill\" d=\"M15.6,13.2c0-0.1,4.3,0,6.7,0.5c2.4,0.5,5,1.9,5,2c0,0.1-2.7-0.8-5.1-1.4\tC19.9,13.7,15.7,13.3,15.6,13.2z\"\/>\n<\/svg>\t\t<\/div>\n\t\t\t\t\t<div class=\"elementor-container elementor-column-gap-extended\">\n\t\t\t\t\t<div class=\"elementor-column elementor-col-100 elementor-top-column elementor-element elementor-element-4ee2a5b2\" data-id=\"4ee2a5b2\" data-element_type=\"column\">\n\t\t\t<div class=\"elementor-widget-wrap\">\n\t\t\t\t\t\t\t<\/div>\n\t\t<\/div>\n\t\t\t\t\t<\/div>\n\t\t<\/header>\n\t\t\t\t<section class=\"elementor-section elementor-top-section elementor-element elementor-element-66c08d56 elementor-section-boxed elementor-section-height-default elementor-section-height-default wpr-particle-no wpr-jarallax-no wpr-parallax-no wpr-sticky-section-no\" data-id=\"66c08d56\" data-element_type=\"section\">\n\t\t\t\t\t\t<div class=\"elementor-container elementor-column-gap-default\">\n\t\t\t\t\t<div class=\"elementor-column elementor-col-100 elementor-top-column elementor-element elementor-element-5bb2c34e\" data-id=\"5bb2c34e\" data-element_type=\"column\">\n\t\t\t<div class=\"elementor-widget-wrap elementor-element-populated\">\n\t\t\t\t\t\t<div class=\"elementor-element elementor-element-76a127ae elementor-widget elementor-widget-text-editor\" data-id=\"76a127ae\" data-element_type=\"widget\" data-widget_type=\"text-editor.default\">\n\t\t\t\t<div class=\"elementor-widget-container\">\n\t\t\t\t\t\t\t\t\t\n<h1 class=\"wp-block-heading\"><span style=\"color: #212121;\">Einblicke<\/span><\/h1>\n\t\t\t\t\t\t\t\t<\/div>\n\t\t\t\t<\/div>\n\t\t\t\t\t<\/div>\n\t\t<\/div>\n\t\t\t\t\t<\/div>\n\t\t<\/section>\n\t\t\t\t<section class=\"elementor-section elementor-top-section elementor-element elementor-element-b193fda elementor-section-boxed elementor-section-height-default elementor-section-height-default wpr-particle-no wpr-jarallax-no wpr-parallax-no wpr-sticky-section-no\" data-id=\"b193fda\" data-element_type=\"section\">\n\t\t\t\t\t\t<div class=\"elementor-container elementor-column-gap-default\">\n\t\t\t\t\t<div class=\"elementor-column elementor-col-100 elementor-top-column elementor-element elementor-element-5f4fd97\" data-id=\"5f4fd97\" data-element_type=\"column\">\n\t\t\t<div class=\"elementor-widget-wrap elementor-element-populated\">\n\t\t\t\t\t\t<div class=\"elementor-element elementor-element-fda7f98 elementor-widget elementor-widget-text-editor\" data-id=\"fda7f98\" data-element_type=\"widget\" data-widget_type=\"text-editor.default\">\n\t\t\t\t<div class=\"elementor-widget-container\">\n\t\t\t\t\t\t\t\t\t<p>Hier einige Bilder und Eindr\u00fccke aus unserer Spielgruppe, die die lebendige Atmosph\u00e4re und die vielf\u00e4ltigen Aktivit\u00e4ten zeigen, durch die wir die Entwicklung der Kinder f\u00f6rdern und ihre Neugierde wecken.<\/p>\t\t\t\t\t\t\t\t<\/div>\n\t\t\t\t<\/div>\n\t\t\t\t\t<\/div>\n\t\t<\/div>\n\t\t\t\t\t<\/div>\n\t\t<\/section>\n\t\t\t\t<section class=\"elementor-section elementor-top-section elementor-element elementor-element-5f19862 elementor-section-boxed elementor-section-height-default elementor-section-height-default wpr-particle-no wpr-jarallax-no wpr-parallax-no wpr-sticky-section-no\" data-id=\"5f19862\" data-element_type=\"section\">\n\t\t\t\t\t\t<div class=\"elementor-container elementor-column-gap-default\">\n\t\t\t\t\t<div class=\"elementor-column elementor-col-100 elementor-top-column elementor-element elementor-element-169ef62\" data-id=\"169ef62\" data-element_type=\"column\">\n\t\t\t<div class=\"elementor-widget-wrap elementor-element-populated\">\n\t\t\t\t\t\t<div class=\"elementor-element elementor-element-fcfaaf6 gallery-spacing-custom elementor-widget elementor-widget-image-gallery\" data-id=\"fcfaaf6\" data-element_type=\"widget\" data-widget_type=\"image-gallery.default\">\n\t\t\t\t<div class=\"elementor-widget-container\">\n\t\t\t\t\t\t\t<div class=\"elementor-image-gallery\">\n\t\t\t<div id='gallery-1' class='gallery galleryid-176 gallery-columns-3 gallery-size-full'><figure class='gallery-item'>\n\t\t\t<div class='gallery-icon landscape'>\n\t\t\t\t<a data-elementor-open-lightbox=\"yes\" data-elementor-lightbox-slideshow=\"fcfaaf6\" data-elementor-lightbox-title=\"1\" data-e-action-hash=\"#elementor-action%3Aaction%3Dlightbox%26settings%3DeyJpZCI6NTc4LCJ1cmwiOiJodHRwczpcL1wvc3BpZWxncnVwcGUtd2lyYmVsd2luZC5jaFwvd3AtY29udGVudFwvdXBsb2Fkc1wvMjAyNFwvMDdcLzEtNi5qcGciLCJzbGlkZXNob3ciOiJmY2ZhYWY2In0%3D\" href='https:\/\/spielgruppe-wirbelwind.ch\/wp-content\/uploads\/2024\/07\/1-6.jpg'><img fetchpriority=\"high\" decoding=\"async\" width=\"2000\" height=\"1333\" src=\"https:\/\/spielgruppe-wirbelwind.ch\/wp-content\/uploads\/2024\/07\/1-6.jpg\" class=\"attachment-full size-full\" alt=\"\" srcset=\"https:\/\/spielgruppe-wirbelwind.ch\/wp-content\/uploads\/2024\/07\/1-6.jpg 2000w, https:\/\/spielgruppe-wirbelwind.ch\/wp-content\/uploads\/2024\/07\/1-6-300x200.jpg 300w, https:\/\/spielgruppe-wirbelwind.ch\/wp-content\/uploads\/2024\/07\/1-6-1024x682.jpg 1024w, https:\/\/spielgruppe-wirbelwind.ch\/wp-content\/uploads\/2024\/07\/1-6-768x512.jpg 768w, https:\/\/spielgruppe-wirbelwind.ch\/wp-content\/uploads\/2024\/07\/1-6-1536x1024.jpg 1536w\" sizes=\"(max-width: 2000px) 100vw, 2000px\" \/><\/a>\n\t\t\t<\/div><\/figure><figure class='gallery-item'>\n\t\t\t<div class='gallery-icon landscape'>\n\t\t\t\t<a data-elementor-open-lightbox=\"yes\" data-elementor-lightbox-slideshow=\"fcfaaf6\" data-elementor-lightbox-title=\"2\" data-e-action-hash=\"#elementor-action%3Aaction%3Dlightbox%26settings%3DeyJpZCI6NTc5LCJ1cmwiOiJodHRwczpcL1wvc3BpZWxncnVwcGUtd2lyYmVsd2luZC5jaFwvd3AtY29udGVudFwvdXBsb2Fkc1wvMjAyNFwvMDdcLzItNi5qcGciLCJzbGlkZXNob3ciOiJmY2ZhYWY2In0%3D\" href='https:\/\/spielgruppe-wirbelwind.ch\/wp-content\/uploads\/2024\/07\/2-6.jpg'><img decoding=\"async\" width=\"2000\" height=\"1333\" src=\"https:\/\/spielgruppe-wirbelwind.ch\/wp-content\/uploads\/2024\/07\/2-6.jpg\" class=\"attachment-full size-full\" alt=\"\" srcset=\"https:\/\/spielgruppe-wirbelwind.ch\/wp-content\/uploads\/2024\/07\/2-6.jpg 2000w, https:\/\/spielgruppe-wirbelwind.ch\/wp-content\/uploads\/2024\/07\/2-6-300x200.jpg 300w, https:\/\/spielgruppe-wirbelwind.ch\/wp-content\/uploads\/2024\/07\/2-6-1024x682.jpg 1024w, https:\/\/spielgruppe-wirbelwind.ch\/wp-content\/uploads\/2024\/07\/2-6-768x512.jpg 768w, https:\/\/spielgruppe-wirbelwind.ch\/wp-content\/uploads\/2024\/07\/2-6-1536x1024.jpg 1536w\" sizes=\"(max-width: 2000px) 100vw, 2000px\" \/><\/a>\n\t\t\t<\/div><\/figure><figure class='gallery-item'>\n\t\t\t<div class='gallery-icon landscape'>\n\t\t\t\t<a data-elementor-open-lightbox=\"yes\" data-elementor-lightbox-slideshow=\"fcfaaf6\" data-elementor-lightbox-title=\"3\" data-e-action-hash=\"#elementor-action%3Aaction%3Dlightbox%26settings%3DeyJpZCI6NTgwLCJ1cmwiOiJodHRwczpcL1wvc3BpZWxncnVwcGUtd2lyYmVsd2luZC5jaFwvd3AtY29udGVudFwvdXBsb2Fkc1wvMjAyNFwvMDdcLzMtNi5qcGciLCJzbGlkZXNob3ciOiJmY2ZhYWY2In0%3D\" href='https:\/\/spielgruppe-wirbelwind.ch\/wp-content\/uploads\/2024\/07\/3-6.jpg'><img decoding=\"async\" width=\"2000\" height=\"1333\" src=\"https:\/\/spielgruppe-wirbelwind.ch\/wp-content\/uploads\/2024\/07\/3-6.jpg\" class=\"attachment-full size-full\" alt=\"\" srcset=\"https:\/\/spielgruppe-wirbelwind.ch\/wp-content\/uploads\/2024\/07\/3-6.jpg 2000w, https:\/\/spielgruppe-wirbelwind.ch\/wp-content\/uploads\/2024\/07\/3-6-300x200.jpg 300w, https:\/\/spielgruppe-wirbelwind.ch\/wp-content\/uploads\/2024\/07\/3-6-1024x682.jpg 1024w, https:\/\/spielgruppe-wirbelwind.ch\/wp-content\/uploads\/2024\/07\/3-6-768x512.jpg 768w, https:\/\/spielgruppe-wirbelwind.ch\/wp-content\/uploads\/2024\/07\/3-6-1536x1024.jpg 1536w\" sizes=\"(max-width: 2000px) 100vw, 2000px\" \/><\/a>\n\t\t\t<\/div><\/figure><figure class='gallery-item'>\n\t\t\t<div class='gallery-icon landscape'>\n\t\t\t\t<a data-elementor-open-lightbox=\"yes\" data-elementor-lightbox-slideshow=\"fcfaaf6\" data-elementor-lightbox-title=\"4\" data-e-action-hash=\"#elementor-action%3Aaction%3Dlightbox%26settings%3DeyJpZCI6NTgxLCJ1cmwiOiJodHRwczpcL1wvc3BpZWxncnVwcGUtd2lyYmVsd2luZC5jaFwvd3AtY29udGVudFwvdXBsb2Fkc1wvMjAyNFwvMDdcLzQtNi5qcGciLCJzbGlkZXNob3ciOiJmY2ZhYWY2In0%3D\" href='https:\/\/spielgruppe-wirbelwind.ch\/wp-content\/uploads\/2024\/07\/4-6.jpg'><img loading=\"lazy\" decoding=\"async\" width=\"2000\" height=\"1333\" src=\"https:\/\/spielgruppe-wirbelwind.ch\/wp-content\/uploads\/2024\/07\/4-6.jpg\" class=\"attachment-full size-full\" alt=\"\" srcset=\"https:\/\/spielgruppe-wirbelwind.ch\/wp-content\/uploads\/2024\/07\/4-6.jpg 2000w, https:\/\/spielgruppe-wirbelwind.ch\/wp-content\/uploads\/2024\/07\/4-6-300x200.jpg 300w, https:\/\/spielgruppe-wirbelwind.ch\/wp-content\/uploads\/2024\/07\/4-6-1024x682.jpg 1024w, https:\/\/spielgruppe-wirbelwind.ch\/wp-content\/uploads\/2024\/07\/4-6-768x512.jpg 768w, https:\/\/spielgruppe-wirbelwind.ch\/wp-content\/uploads\/2024\/07\/4-6-1536x1024.jpg 1536w\" sizes=\"(max-width: 2000px) 100vw, 2000px\" \/><\/a>\n\t\t\t<\/div><\/figure><figure class='gallery-item'>\n\t\t\t<div class='gallery-icon landscape'>\n\t\t\t\t<a data-elementor-open-lightbox=\"yes\" data-elementor-lightbox-slideshow=\"fcfaaf6\" data-elementor-lightbox-title=\"5\" data-e-action-hash=\"#elementor-action%3Aaction%3Dlightbox%26settings%3DeyJpZCI6NTgyLCJ1cmwiOiJodHRwczpcL1wvc3BpZWxncnVwcGUtd2lyYmVsd2luZC5jaFwvd3AtY29udGVudFwvdXBsb2Fkc1wvMjAyNFwvMDdcLzUtNi5qcGciLCJzbGlkZXNob3ciOiJmY2ZhYWY2In0%3D\" href='https:\/\/spielgruppe-wirbelwind.ch\/wp-content\/uploads\/2024\/07\/5-6.jpg'><img loading=\"lazy\" decoding=\"async\" width=\"2000\" height=\"1333\" src=\"https:\/\/spielgruppe-wirbelwind.ch\/wp-content\/uploads\/2024\/07\/5-6.jpg\" class=\"attachment-full size-full\" alt=\"\" srcset=\"https:\/\/spielgruppe-wirbelwind.ch\/wp-content\/uploads\/2024\/07\/5-6.jpg 2000w, https:\/\/spielgruppe-wirbelwind.ch\/wp-content\/uploads\/2024\/07\/5-6-300x200.jpg 300w, https:\/\/spielgruppe-wirbelwind.ch\/wp-content\/uploads\/2024\/07\/5-6-1024x682.jpg 1024w, https:\/\/spielgruppe-wirbelwind.ch\/wp-content\/uploads\/2024\/07\/5-6-768x512.jpg 768w, https:\/\/spielgruppe-wirbelwind.ch\/wp-content\/uploads\/2024\/07\/5-6-1536x1024.jpg 1536w\" sizes=\"(max-width: 2000px) 100vw, 2000px\" \/><\/a>\n\t\t\t<\/div><\/figure><figure class='gallery-item'>\n\t\t\t<div class='gallery-icon landscape'>\n\t\t\t\t<a data-elementor-open-lightbox=\"yes\" data-elementor-lightbox-slideshow=\"fcfaaf6\" data-elementor-lightbox-title=\"6\" data-e-action-hash=\"#elementor-action%3Aaction%3Dlightbox%26settings%3DeyJpZCI6NTgzLCJ1cmwiOiJodHRwczpcL1wvc3BpZWxncnVwcGUtd2lyYmVsd2luZC5jaFwvd3AtY29udGVudFwvdXBsb2Fkc1wvMjAyNFwvMDdcLzYtNi5qcGciLCJzbGlkZXNob3ciOiJmY2ZhYWY2In0%3D\" href='https:\/\/spielgruppe-wirbelwind.ch\/wp-content\/uploads\/2024\/07\/6-6.jpg'><img loading=\"lazy\" decoding=\"async\" width=\"2000\" height=\"1333\" src=\"https:\/\/spielgruppe-wirbelwind.ch\/wp-content\/uploads\/2024\/07\/6-6.jpg\" class=\"attachment-full size-full\" alt=\"\" srcset=\"https:\/\/spielgruppe-wirbelwind.ch\/wp-content\/uploads\/2024\/07\/6-6.jpg 2000w, https:\/\/spielgruppe-wirbelwind.ch\/wp-content\/uploads\/2024\/07\/6-6-300x200.jpg 300w, https:\/\/spielgruppe-wirbelwind.ch\/wp-content\/uploads\/2024\/07\/6-6-1024x682.jpg 1024w, https:\/\/spielgruppe-wirbelwind.ch\/wp-content\/uploads\/2024\/07\/6-6-768x512.jpg 768w, https:\/\/spielgruppe-wirbelwind.ch\/wp-content\/uploads\/2024\/07\/6-6-1536x1024.jpg 1536w\" sizes=\"(max-width: 2000px) 100vw, 2000px\" \/><\/a>\n\t\t\t<\/div><\/figure><figure class='gallery-item'>\n\t\t\t<div class='gallery-icon landscape'>\n\t\t\t\t<a data-elementor-open-lightbox=\"yes\" data-elementor-lightbox-slideshow=\"fcfaaf6\" data-elementor-lightbox-title=\"7\" data-e-action-hash=\"#elementor-action%3Aaction%3Dlightbox%26settings%3DeyJpZCI6NTg0LCJ1cmwiOiJodHRwczpcL1wvc3BpZWxncnVwcGUtd2lyYmVsd2luZC5jaFwvd3AtY29udGVudFwvdXBsb2Fkc1wvMjAyNFwvMDdcLzctNi5qcGciLCJzbGlkZXNob3ciOiJmY2ZhYWY2In0%3D\" href='https:\/\/spielgruppe-wirbelwind.ch\/wp-content\/uploads\/2024\/07\/7-6.jpg'><img loading=\"lazy\" decoding=\"async\" width=\"2000\" height=\"1333\" src=\"https:\/\/spielgruppe-wirbelwind.ch\/wp-content\/uploads\/2024\/07\/7-6.jpg\" class=\"attachment-full size-full\" alt=\"\" srcset=\"https:\/\/spielgruppe-wirbelwind.ch\/wp-content\/uploads\/2024\/07\/7-6.jpg 2000w, https:\/\/spielgruppe-wirbelwind.ch\/wp-content\/uploads\/2024\/07\/7-6-300x200.jpg 300w, https:\/\/spielgruppe-wirbelwind.ch\/wp-content\/uploads\/2024\/07\/7-6-1024x682.jpg 1024w, https:\/\/spielgruppe-wirbelwind.ch\/wp-content\/uploads\/2024\/07\/7-6-768x512.jpg 768w, https:\/\/spielgruppe-wirbelwind.ch\/wp-content\/uploads\/2024\/07\/7-6-1536x1024.jpg 1536w\" sizes=\"(max-width: 2000px) 100vw, 2000px\" \/><\/a>\n\t\t\t<\/div><\/figure><figure class='gallery-item'>\n\t\t\t<div class='gallery-icon landscape'>\n\t\t\t\t<a data-elementor-open-lightbox=\"yes\" data-elementor-lightbox-slideshow=\"fcfaaf6\" data-elementor-lightbox-title=\"8\" data-e-action-hash=\"#elementor-action%3Aaction%3Dlightbox%26settings%3DeyJpZCI6NTg1LCJ1cmwiOiJodHRwczpcL1wvc3BpZWxncnVwcGUtd2lyYmVsd2luZC5jaFwvd3AtY29udGVudFwvdXBsb2Fkc1wvMjAyNFwvMDdcLzgtNi5qcGciLCJzbGlkZXNob3ciOiJmY2ZhYWY2In0%3D\" href='https:\/\/spielgruppe-wirbelwind.ch\/wp-content\/uploads\/2024\/07\/8-6.jpg'><img loading=\"lazy\" decoding=\"async\" width=\"2000\" height=\"1333\" src=\"https:\/\/spielgruppe-wirbelwind.ch\/wp-content\/uploads\/2024\/07\/8-6.jpg\" class=\"attachment-full size-full\" alt=\"\" srcset=\"https:\/\/spielgruppe-wirbelwind.ch\/wp-content\/uploads\/2024\/07\/8-6.jpg 2000w, https:\/\/spielgruppe-wirbelwind.ch\/wp-content\/uploads\/2024\/07\/8-6-300x200.jpg 300w, https:\/\/spielgruppe-wirbelwind.ch\/wp-content\/uploads\/2024\/07\/8-6-1024x682.jpg 1024w, https:\/\/spielgruppe-wirbelwind.ch\/wp-content\/uploads\/2024\/07\/8-6-768x512.jpg 768w, https:\/\/spielgruppe-wirbelwind.ch\/wp-content\/uploads\/2024\/07\/8-6-1536x1024.jpg 1536w\" sizes=\"(max-width: 2000px) 100vw, 2000px\" \/><\/a>\n\t\t\t<\/div><\/figure><figure class='gallery-item'>\n\t\t\t<div class='gallery-icon landscape'>\n\t\t\t\t<a data-elementor-open-lightbox=\"yes\" data-elementor-lightbox-slideshow=\"fcfaaf6\" data-elementor-lightbox-title=\"9\" data-e-action-hash=\"#elementor-action%3Aaction%3Dlightbox%26settings%3DeyJpZCI6NTg2LCJ1cmwiOiJodHRwczpcL1wvc3BpZWxncnVwcGUtd2lyYmVsd2luZC5jaFwvd3AtY29udGVudFwvdXBsb2Fkc1wvMjAyNFwvMDdcLzktNS5qcGciLCJzbGlkZXNob3ciOiJmY2ZhYWY2In0%3D\" href='https:\/\/spielgruppe-wirbelwind.ch\/wp-content\/uploads\/2024\/07\/9-5.jpg'><img loading=\"lazy\" decoding=\"async\" width=\"2000\" height=\"1333\" src=\"https:\/\/spielgruppe-wirbelwind.ch\/wp-content\/uploads\/2024\/07\/9-5.jpg\" class=\"attachment-full size-full\" alt=\"\" srcset=\"https:\/\/spielgruppe-wirbelwind.ch\/wp-content\/uploads\/2024\/07\/9-5.jpg 2000w, https:\/\/spielgruppe-wirbelwind.ch\/wp-content\/uploads\/2024\/07\/9-5-300x200.jpg 300w, https:\/\/spielgruppe-wirbelwind.ch\/wp-content\/uploads\/2024\/07\/9-5-1024x682.jpg 1024w, https:\/\/spielgruppe-wirbelwind.ch\/wp-content\/uploads\/2024\/07\/9-5-768x512.jpg 768w, https:\/\/spielgruppe-wirbelwind.ch\/wp-content\/uploads\/2024\/07\/9-5-1536x1024.jpg 1536w\" sizes=\"(max-width: 2000px) 100vw, 2000px\" \/><\/a>\n\t\t\t<\/div><\/figure>\n\t\t<\/div>\n\t\t<\/div>\n\t\t\t\t\t\t<\/div>\n\t\t\t\t<\/div>\n\t\t\t\t\t<\/div>\n\t\t<\/div>\n\t\t\t\t\t<\/div>\n\t\t<\/section>\n\t\t\t\t<\/div>\n\t\t","protected":false},"excerpt":{"rendered":"<p>Einblicke Hier einige Bilder und Eindr\u00fccke aus unserer Spielgruppe, die die lebendige Atmosph\u00e4re und die vielf\u00e4ltigen Aktivit\u00e4ten zeigen, durch die wir die Entwicklung der Kinder f\u00f6rdern und ihre Neugierde wecken.<\/p>\n","protected":false},"author":1,"featured_media":87,"parent":0,"menu_order":0,"comment_status":"closed","ping_status":"closed","template":"","meta":{"footnotes":""},"class_list":["post-176","page","type-page","status-publish","has-post-thumbnail","hentry"],"_links":{"self":[{"href":"https:\/\/spielgruppe-wirbelwind.ch\/index.php\/wp-json\/wp\/v2\/pages\/176","targetHints":{"allow":["GET"]}}],"collection":[{"href":"https:\/\/spielgruppe-wirbelwind.ch\/index.php\/wp-json\/wp\/v2\/pages"}],"about":[{"href":"https:\/\/spielgruppe-wirbelwind.ch\/index.php\/wp-json\/wp\/v2\/types\/page"}],"author":[{"embeddable":true,"href":"https:\/\/spielgruppe-wirbelwind.ch\/index.php\/wp-json\/wp\/v2\/users\/1"}],"replies":[{"embeddable":true,"href":"https:\/\/spielgruppe-wirbelwind.ch\/index.php\/wp-json\/wp\/v2\/comments?post=176"}],"version-history":[{"count":86,"href":"https:\/\/spielgruppe-wirbelwind.ch\/index.php\/wp-json\/wp\/v2\/pages\/176\/revisions"}],"predecessor-version":[{"id":921,"href":"https:\/\/spielgruppe-wirbelwind.ch\/index.php\/wp-json\/wp\/v2\/pages\/176\/revisions\/921"}],"wp:featuredmedia":[{"embeddable":true,"href":"https:\/\/spielgruppe-wirbelwind.ch\/index.php\/wp-json\/wp\/v2\/media\/87"}],"wp:attachment":[{"href":"https:\/\/spielgruppe-wirbelwind.ch\/index.php\/wp-json\/wp\/v2\/media?parent=176"}],"curies":[{"name":"wp","href":"https:\/\/api.w.org\/{rel}","templated":true}]}}